{"id":14,"date":"2024-12-09T08:07:09","date_gmt":"2024-12-09T08:07:09","guid":{"rendered":"http:\/\/zwergenland.info\/?page_id=14"},"modified":"2025-04-01T19:13:24","modified_gmt":"2025-04-01T19:13:24","slug":"startseite","status":"publish","type":"page","link":"https:\/\/zwergenland.info\/","title":{"rendered":"Startseite"},"content":{"rendered":"\n<div class=\"wp-block-cover alignfull is-light hestia-clear-top-padding\"><span aria-hidden=\"true\" class=\"wp-block-cover__background has-white-background-color has-background-dim-100 has-background-dim\"><\/span><div class=\"wp-block-cover__inner-container is-layout-flow wp-block-cover-is-layout-flow\">\n<h2 class=\"wp-block-heading has-text-align-center has-text-color\" style=\"color:#3c4858\">&#8222;Der Weg ist das Ziel&#8220;<\/h2>\n\n\n\n<div class=\"wp-block-group is-vertical is-content-justification-center is-layout-flex wp-container-core-group-is-layout-ce155fab wp-block-group-is-layout-flex\">\n<p class=\"has-text-align-center\" style=\"text-align: left;\"><strong>Z<\/strong>\u00a0\u00a0\u00a0\u00a0 Zuneigung, Zuwendung, Zugeh\u00f6rigkeit<br \/><strong>W<\/strong>\u00a0 \u00a0 wohlf\u00fchlen, Wertsch\u00e4tzung, weltendeckend<br \/><strong>E<\/strong>\u00a0\u00a0\u00a0\u00a0 erleben, erfahren, experimentieren, entdecken<br \/><strong>R<\/strong>\u00a0\u00a0\u00a0\u00a0 Rituale, Regeln, Ruhe<br \/><strong>G<\/strong>\u00a0\u00a0\u00a0\u00a0 Geborgenheit, Geduld, Gemeinsamkeit<br \/><strong>E<\/strong>\u00a0\u00a0\u00a0\u00a0 Einzigartigkeit, Eigenst\u00e4ndigkeit, Eigeninitiative<br \/><strong>N<\/strong>\u00a0\u00a0\u00a0\u00a0 Nestw\u00e4rme, Neugierde, nachahmen<br \/><strong>L\u00a0<\/strong>\u00a0\u00a0\u00a0 liebevoll, lachen, lernen<br \/><strong>A<\/strong> \u00a0\u00a0\u00a0 Alltagserfahrungen, Aufmerksamkeit, Augenh\u00f6he<br \/><strong>N<\/strong>\u00a0\u00a0\u00a0\u00a0 Natur<br \/><strong>D<\/strong>\u00a0 \u00a0 \u00a0 \u00a0 \u00a0 \u00a0 \u00a0 \u00a0 \u00a0 \u00a0 \u00a0 <strong>&#8222;Du und ich&#8220;<\/strong><\/p>\n<p>&nbsp;<\/p>\n<\/div>\n\n\n\n<div style=\"height:40px\" aria-hidden=\"true\" class=\"wp-block-spacer\"><\/div>\n<\/div><\/div>\n\n\n\n<div class=\"wp-block-columns container is-layout-flex wp-container-core-columns-is-layout-28f84493 wp-block-columns-is-layout-flex\">\n<div class=\"wp-block-column col-md-5 is-layout-flow wp-block-column-is-layout-flow\"><\/div>\n\n\n\n<div class=\"wp-block-column col-md-6 col-md-offset1 is-layout-flow wp-block-column-is-layout-flow\">\n\n\n<p>&nbsp;<\/p>\n<\/div>\n<\/div>\n\n\n\n<p class=\"has-text-align-center\"><p>&nbsp;<\/p>\n<p>&nbsp;<\/p>\n<p class=\"has-text-align-center\">Liebe Eltern,<\/p>\n<p class=\"has-text-align-center\">wir begr\u00fc\u00dfen Sie auf unserer Homepage der Gro\u00dftagespflege Zwergenland am Aartalsee<br>Und w\u00fcnschen viel Spa\u00df beim st\u00f6bern.<\/p><\/p>\n\n\n<p>&nbsp;<\/p>\n\n\n<p>&nbsp;<\/p>\n\n\n<p>&nbsp;<\/p>","protected":false},"excerpt":{"rendered":"<p>&nbsp; &nbsp; &nbsp; Liebe Eltern, wir begr\u00fc\u00dfen Sie auf unserer Homepage der Gro\u00dftagespflege Zwergenland am AartalseeUnd w\u00fcnschen viel Spa\u00df beim st\u00f6bern. &nbsp; &nbsp; &nbsp;<\/p>\n","protected":false},"author":1,"featured_media":121,"parent":0,"menu_order":0,"comment_status":"closed","ping_status":"closed","template":"","meta":{"footnotes":""},"class_list":["post-14","page","type-page","status-publish","has-post-thumbnail","hentry"],"_links":{"self":[{"href":"https:\/\/zwergenland.info\/index.php?rest_route=\/wp\/v2\/pages\/14","targetHints":{"allow":["GET"]}}],"collection":[{"href":"https:\/\/zwergenland.info\/index.php?rest_route=\/wp\/v2\/pages"}],"about":[{"href":"https:\/\/zwergenland.info\/index.php?rest_route=\/wp\/v2\/types\/page"}],"author":[{"embeddable":true,"href":"https:\/\/zwergenland.info\/index.php?rest_route=\/wp\/v2\/users\/1"}],"replies":[{"embeddable":true,"href":"https:\/\/zwergenland.info\/index.php?rest_route=%2Fwp%2Fv2%2Fcomments&post=14"}],"version-history":[{"count":49,"href":"https:\/\/zwergenland.info\/index.php?rest_route=\/wp\/v2\/pages\/14\/revisions"}],"predecessor-version":[{"id":271,"href":"https:\/\/zwergenland.info\/index.php?rest_route=\/wp\/v2\/pages\/14\/revisions\/271"}],"wp:featuredmedia":[{"embeddable":true,"href":"https:\/\/zwergenland.info\/index.php?rest_route=\/wp\/v2\/media\/121"}],"wp:attachment":[{"href":"https:\/\/zwergenland.info\/index.php?rest_route=%2Fwp%2Fv2%2Fmedia&parent=14"}],"curies":[{"name":"wp","href":"https:\/\/api.w.org\/{rel}","templated":true}]}}